{"id":274,"date":"2016-11-10T16:41:00","date_gmt":"2016-11-10T16:41:00","guid":{"rendered":"https:\/\/oceanwp.org\/architect\/?page_id=274"},"modified":"2022-06-09T14:11:55","modified_gmt":"2022-06-09T14:11:55","slug":"chi-siamo","status":"publish","type":"page","link":"https:\/\/terranovadesignstudio.it\/index.php\/chi-siamo\/","title":{"rendered":"chi siamo"},"content":{"rendered":"\t\t<div data-elementor-type=\"wp-page\" data-elementor-id=\"274\" class=\"elementor elementor-274\">\n\t\t\t\t\t\t<section class=\"elementor-section elementor-top-section elementor-element elementor-element-o0r72cj elementor-section-content-middle elementor-section-boxed elementor-section-height-default elementor-section-height-default\" data-id=\"o0r72cj\" data-element_type=\"section\">\n\t\t\t\t\t\t<div class=\"elementor-container elementor-column-gap-default\">\n\t\t\t\t\t<div class=\"elementor-column elementor-col-50 elementor-top-column elementor-element elementor-element-07cyz1j title-row\" data-id=\"07cyz1j\" data-element_type=\"column\" data-settings=\"{&quot;background_background&quot;:&quot;classic&quot;}\">\n\t\t\t<div class=\"elementor-widget-wrap elementor-element-populated\">\n\t\t\t\t\t\t<div class=\"elementor-element elementor-element-pkfrrur big-title elementor-widget elementor-widget-heading\" data-id=\"pkfrrur\" data-element_type=\"widget\" data-widget_type=\"heading.default\">\n\t\t\t\t<div class=\"elementor-widget-container\">\n\t\t\t<h2 class=\"elementor-heading-title elementor-size-default\">30 anni\ndi passione e dedizione<\/h2>\t\t<\/div>\n\t\t\t\t<\/div>\n\t\t\t\t\t<\/div>\n\t\t<\/div>\n\t\t\t\t<div class=\"elementor-column elementor-col-50 elementor-top-column elementor-element elementor-element-i9j5fjm big-margin\" data-id=\"i9j5fjm\" data-element_type=\"column\">\n\t\t\t<div class=\"elementor-widget-wrap elementor-element-populated\">\n\t\t\t\t\t\t<div class=\"elementor-element elementor-element-1z3o4mz elementor-widget elementor-widget-text-editor\" data-id=\"1z3o4mz\" data-element_type=\"widget\" data-widget_type=\"text-editor.default\">\n\t\t\t\t<div class=\"elementor-widget-container\">\n\t\t\t\t\t\t\t<p style=\"margin: 0;\">Passione esperienza e professionalit\u00e0 sono le cose che ogni giorno mi spingono a far meglio, cos\u00ec giorno dopo sono sono gi\u00e0 trascorsi 30 anni da quando ho tutto ha avuto inizio, e quello che oggi provo \u00e8 lo stesso entusiasmo e la stessa voglia della prima volta, sempre, per migliorarmi.\u00a0<\/p><p style=\"margin: 0;\">Questo \u00e8 quanto mio padre mi ha tramandato, ed oggi ho la fortuna di condividerlo \u00a0con mio figlio Emanuele Architetto, Ingegnere e Designer, con la stessa passione e dedizione, e cos\u00ec tradizione contemporaneit\u00e0 ed innovazione si \u00a0fondono in soluzioni progettuali uniche, realizzando i sogni di ogni nostro cliente. \u00a0<\/p><p>Mi chiamo Felice Andrea Terranova e noi siamo Terranova Design.<\/p>\t\t\t\t\t\t<\/div>\n\t\t\t\t<\/div>\n\t\t\t\t\t<\/div>\n\t\t<\/div>\n\t\t\t\t\t<\/div>\n\t\t<\/section>\n\t\t\t\t<section class=\"elementor-section elementor-top-section elementor-element elementor-element-90ff085 elementor-section-boxed elementor-section-height-default elementor-section-height-default\" data-id=\"90ff085\" data-element_type=\"section\">\n\t\t\t\t\t\t<div class=\"elementor-container elementor-column-gap-default\">\n\t\t\t\t\t<div class=\"elementor-column elementor-col-100 elementor-top-column elementor-element elementor-element-5c0289e\" data-id=\"5c0289e\" data-element_type=\"column\">\n\t\t\t<div class=\"elementor-widget-wrap elementor-element-populated\">\n\t\t\t\t\t\t<div class=\"elementor-element elementor-element-5b3555d elementor-widget elementor-widget-heading\" data-id=\"5b3555d\" data-element_type=\"widget\" data-widget_type=\"heading.default\">\n\t\t\t\t<div class=\"elementor-widget-container\">\n\t\t\t<h2 class=\"elementor-heading-title elementor-size-default\">Terranova Design progetta con sincera e naturale passione <\/h2>\t\t<\/div>\n\t\t\t\t<\/div>\n\t\t\t\t\t<\/div>\n\t\t<\/div>\n\t\t\t\t\t<\/div>\n\t\t<\/section>\n\t\t\t\t<section class=\"elementor-section elementor-top-section elementor-element elementor-element-4918b51 elementor-section-boxed elementor-section-height-default elementor-section-height-default\" data-id=\"4918b51\" data-element_type=\"section\">\n\t\t\t\t\t\t<div class=\"elementor-container elementor-column-gap-default\">\n\t\t\t\t\t<div class=\"elementor-column elementor-col-100 elementor-top-column elementor-element elementor-element-8169c34\" data-id=\"8169c34\" data-element_type=\"column\">\n\t\t\t<div class=\"elementor-widget-wrap elementor-element-populated\">\n\t\t\t\t\t\t<div class=\"elementor-element elementor-element-854068f elementor-widget elementor-widget-text-editor\" data-id=\"854068f\" data-element_type=\"widget\" data-widget_type=\"text-editor.default\">\n\t\t\t\t<div class=\"elementor-widget-container\">\n\t\t\t\t\t\t\t<p>\u00a0Realizzazione del nostro progetto Hespresso (Roma). <\/p><p>Siamo partiti dal rilievo delle misure e la immediata successiva restituzione grafica per lo studio ed analisi degli spazi, con il confronto dei clienti ed i loro pi\u00f9 stretti collaboratori, per poi proporre lo studio stilistico\/architettonico, attraverso viste e video renderizzate, grazie alle quali i clienti hanno potuto pregustare quello che sarebbe stato il locale realizzato da li qualche mese.<\/p><p>Oggi HESPRESSO \u00e8 un ambiente magico, curato nei minimi particolari, dove si respira aria di \u201cbelle epoque\u201d\u2026\u2026\u2026proprio come desiderato e richiesto dai nostri clienti.<\/p>\t\t\t\t\t\t<\/div>\n\t\t\t\t<\/div>\n\t\t\t\t\t<\/div>\n\t\t<\/div>\n\t\t\t\t\t<\/div>\n\t\t<\/section>\n\t\t\t\t<section class=\"elementor-section elementor-top-section elementor-element elementor-element-a2483ae elementor-section-boxed elementor-section-height-default elementor-section-height-default\" data-id=\"a2483ae\" data-element_type=\"section\">\n\t\t\t\t\t\t<div class=\"elementor-container elementor-column-gap-default\">\n\t\t\t\t\t<div class=\"elementor-column elementor-col-16 elementor-top-column elementor-element elementor-element-1247d64\" data-id=\"1247d64\" data-element_type=\"column\">\n\t\t\t<div class=\"elementor-widget-wrap\">\n\t\t\t\t\t\t\t<\/div>\n\t\t<\/div>\n\t\t\t\t<div class=\"elementor-column elementor-col-66 elementor-top-column elementor-element elementor-element-bd4e6c4\" data-id=\"bd4e6c4\" data-element_type=\"column\">\n\t\t\t<div class=\"elementor-widget-wrap elementor-element-populated\">\n\t\t\t\t\t\t<div class=\"elementor-element elementor-element-946a379 elementor-widget elementor-widget-video\" data-id=\"946a379\" data-element_type=\"widget\" data-settings=\"{&quot;video_type&quot;:&quot;hosted&quot;,&quot;autoplay&quot;:&quot;yes&quot;,&quot;play_on_mobile&quot;:&quot;yes&quot;,&quot;controls&quot;:&quot;yes&quot;}\" data-widget_type=\"video.default\">\n\t\t\t\t<div class=\"elementor-widget-container\">\n\t\t\t\t\t<div class=\"e-hosted-video elementor-wrapper elementor-open-inline\">\n\t\t\t\t\t<video class=\"elementor-video\" src=\"https:\/\/terranovadesignstudio.it\/wp-content\/uploads\/2022\/05\/Sequenza-01.mp4\" autoplay=\"\" controls=\"\" playsinline=\"\" controlsList=\"nodownload\"><\/video>\n\t\t\t\t<\/div>\n\t\t\t\t<\/div>\n\t\t\t\t<\/div>\n\t\t\t\t\t<\/div>\n\t\t<\/div>\n\t\t\t\t<div class=\"elementor-column elementor-col-16 elementor-top-column elementor-element elementor-element-5391082\" data-id=\"5391082\" data-element_type=\"column\">\n\t\t\t<div class=\"elementor-widget-wrap\">\n\t\t\t\t\t\t\t<\/div>\n\t\t<\/div>\n\t\t\t\t\t<\/div>\n\t\t<\/section>\n\t\t\t\t<section class=\"elementor-section elementor-top-section elementor-element elementor-element-f70c430 elementor-section-boxed elementor-section-height-default elementor-section-height-default\" data-id=\"f70c430\" data-element_type=\"section\">\n\t\t\t\t\t\t<div class=\"elementor-container elementor-column-gap-default\">\n\t\t\t\t\t<div class=\"elementor-column elementor-col-100 elementor-top-column elementor-element elementor-element-cde25cf\" data-id=\"cde25cf\" data-element_type=\"column\">\n\t\t\t<div class=\"elementor-widget-wrap elementor-element-populated\">\n\t\t\t\t\t\t<div class=\"elementor-element elementor-element-bf45537 elementor-arrows-position-inside elementor-pagination-position-outside elementor-widget elementor-widget-image-carousel\" data-id=\"bf45537\" data-element_type=\"widget\" data-settings=\"{&quot;navigation&quot;:&quot;both&quot;,&quot;autoplay&quot;:&quot;yes&quot;,&quot;pause_on_hover&quot;:&quot;yes&quot;,&quot;pause_on_interaction&quot;:&quot;yes&quot;,&quot;autoplay_speed&quot;:5000,&quot;infinite&quot;:&quot;yes&quot;,&quot;speed&quot;:500}\" data-widget_type=\"image-carousel.default\">\n\t\t\t\t<div class=\"elementor-widget-container\">\n\t\t\t\t\t<div class=\"elementor-image-carousel-wrapper swiper\" dir=\"ltr\">\n\t\t\t<div class=\"elementor-image-carousel swiper-wrapper\" aria-live=\"off\">\n\t\t\t\t\t\t\t\t<div class=\"swiper-slide\" role=\"group\" aria-roledescription=\"slide\" aria-label=\"1 di 9\"><figure class=\"swiper-slide-inner\"><img decoding=\"async\" class=\"swiper-slide-image\" src=\"https:\/\/terranovadesignstudio.it\/wp-content\/uploads\/2022\/04\/barbarac-terranova-studio-design-1.jpg\" alt=\"Barbarac G\u00e9n\u00e9ral Allard (Francia)\" \/><\/figure><\/div><div class=\"swiper-slide\" role=\"group\" aria-roledescription=\"slide\" aria-label=\"2 di 9\"><figure class=\"swiper-slide-inner\"><img decoding=\"async\" class=\"swiper-slide-image\" src=\"https:\/\/terranovadesignstudio.it\/wp-content\/uploads\/2022\/04\/ernest-le-glacier-terranova-studio-design.jpg\" alt=\"Ernest Le Glacier La Rochelle (Francia)\" \/><\/figure><\/div><div class=\"swiper-slide\" role=\"group\" aria-roledescription=\"slide\" aria-label=\"3 di 9\"><figure class=\"swiper-slide-inner\"><img decoding=\"async\" class=\"swiper-slide-image\" src=\"https:\/\/terranovadesignstudio.it\/wp-content\/uploads\/2022\/04\/dacri-terranova-studio-design-1.jpg\" alt=\"Dacr\u00ec (Roma)\" \/><\/figure><\/div><div class=\"swiper-slide\" role=\"group\" aria-roledescription=\"slide\" aria-label=\"4 di 9\"><figure class=\"swiper-slide-inner\"><img decoding=\"async\" class=\"swiper-slide-image\" src=\"https:\/\/terranovadesignstudio.it\/wp-content\/uploads\/2022\/05\/Hespresso-Via-Genova-Roma.jpg\" alt=\"Hespresso Via Genova (Roma)\" \/><\/figure><\/div><div class=\"swiper-slide\" role=\"group\" aria-roledescription=\"slide\" aria-label=\"5 di 9\"><figure class=\"swiper-slide-inner\"><img decoding=\"async\" class=\"swiper-slide-image\" src=\"https:\/\/terranovadesignstudio.it\/wp-content\/uploads\/2022\/05\/Maison-Gavroche-Francia.jpg\" alt=\"Maison Gavroche (Francia)\" \/><\/figure><\/div><div class=\"swiper-slide\" role=\"group\" aria-roledescription=\"slide\" aria-label=\"6 di 9\"><figure class=\"swiper-slide-inner\"><img decoding=\"async\" class=\"swiper-slide-image\" src=\"https:\/\/terranovadesignstudio.it\/wp-content\/uploads\/2022\/05\/vigna-stelluti-roma.jpg\" alt=\"Vigna Stelluti (Roma)\" \/><\/figure><\/div><div class=\"swiper-slide\" role=\"group\" aria-roledescription=\"slide\" aria-label=\"7 di 9\"><figure class=\"swiper-slide-inner\"><img decoding=\"async\" class=\"swiper-slide-image\" src=\"https:\/\/terranovadesignstudio.it\/wp-content\/uploads\/2022\/05\/la-turbine-lione.jpg\" alt=\"La Turbine Lione\" \/><\/figure><\/div><div class=\"swiper-slide\" role=\"group\" aria-roledescription=\"slide\" aria-label=\"8 di 9\"><figure class=\"swiper-slide-inner\"><img decoding=\"async\" class=\"swiper-slide-image\" src=\"https:\/\/terranovadesignstudio.it\/wp-content\/uploads\/2022\/05\/nakaroma-roma.jpg\" alt=\"Nakaroma (Roma)\" \/><\/figure><\/div><div class=\"swiper-slide\" role=\"group\" aria-roledescription=\"slide\" aria-label=\"9 di 9\"><figure class=\"swiper-slide-inner\"><img decoding=\"async\" class=\"swiper-slide-image\" src=\"https:\/\/terranovadesignstudio.it\/wp-content\/uploads\/2022\/05\/Palace-de-la-glace-francia.jpg\" alt=\"Palace de la Glace (Francia)\" \/><\/figure><\/div>\t\t\t<\/div>\n\t\t\t\t\t\t\t\t\t\t\t\t<div class=\"elementor-swiper-button elementor-swiper-button-prev\" role=\"button\" tabindex=\"0\">\n\t\t\t\t\t\t<i aria-hidden=\"true\" class=\"eicon-chevron-left\"><\/i>\t\t\t\t\t<\/div>\n\t\t\t\t\t<div class=\"elementor-swiper-button elementor-swiper-button-next\" role=\"button\" tabindex=\"0\">\n\t\t\t\t\t\t<i aria-hidden=\"true\" class=\"eicon-chevron-right\"><\/i>\t\t\t\t\t<\/div>\n\t\t\t\t\n\t\t\t\t\t\t\t\t\t<div class=\"swiper-pagination\"><\/div>\n\t\t\t\t\t\t\t\t\t<\/div>\n\t\t\t\t<\/div>\n\t\t\t\t<\/div>\n\t\t\t\t\t<\/div>\n\t\t<\/div>\n\t\t\t\t\t<\/div>\n\t\t<\/section>\n\t\t\t\t<\/div>\n\t\t","protected":false},"excerpt":{"rendered":"<p>30 anni di passione e dedizione Passione esperienza e professionalit\u00e0 sono le cose che ogni giorno mi spingono a far meglio, cos\u00ec giorno dopo sono sono gi\u00e0 trascorsi 30 anni da quando ho tutto ha avuto inizio, e quello che oggi provo \u00e8 lo stesso entusiasmo e la stessa voglia della prima volta, sempre, per [&hellip;]<\/p>\n","protected":false},"author":1,"featured_media":0,"parent":0,"menu_order":0,"comment_status":"closed","ping_status":"closed","template":"","meta":{"ocean_post_layout":"full-screen","ocean_both_sidebars_style":"","ocean_both_sidebars_content_width":0,"ocean_both_sidebars_sidebars_width":0,"ocean_sidebar":"","ocean_second_sidebar":"","ocean_disable_margins":"on","ocean_add_body_class":"","ocean_shortcode_before_top_bar":"","ocean_shortcode_after_top_bar":"","ocean_shortcode_before_header":"","ocean_shortcode_after_header":"","ocean_has_shortcode":"","ocean_shortcode_after_title":"","ocean_shortcode_before_footer_widgets":"","ocean_shortcode_after_footer_widgets":"","ocean_shortcode_before_footer_bottom":"","ocean_shortcode_after_footer_bottom":"","ocean_display_top_bar":"default","ocean_display_header":"default","ocean_header_style":"","ocean_center_header_left_menu":"","ocean_custom_header_template":"","ocean_custom_logo":0,"ocean_custom_retina_logo":0,"ocean_custom_logo_max_width":0,"ocean_custom_logo_tablet_max_width":0,"ocean_custom_logo_mobile_max_width":0,"ocean_custom_logo_max_height":0,"ocean_custom_logo_tablet_max_height":0,"ocean_custom_logo_mobile_max_height":0,"ocean_header_custom_menu":"","ocean_menu_typo_font_family":"","ocean_menu_typo_font_subset":"","ocean_menu_typo_font_size":0,"ocean_menu_typo_font_size_tablet":0,"ocean_menu_typo_font_size_mobile":0,"ocean_menu_typo_font_size_unit":"px","ocean_menu_typo_font_weight":"","ocean_menu_typo_font_weight_tablet":"","ocean_menu_typo_font_weight_mobile":"","ocean_menu_typo_transform":"","ocean_menu_typo_transform_tablet":"","ocean_menu_typo_transform_mobile":"","ocean_menu_typo_line_height":0,"ocean_menu_typo_line_height_tablet":0,"ocean_menu_typo_line_height_mobile":0,"ocean_menu_typo_line_height_unit":"","ocean_menu_typo_spacing":0,"ocean_menu_typo_spacing_tablet":0,"ocean_menu_typo_spacing_mobile":0,"ocean_menu_typo_spacing_unit":"","ocean_menu_link_color":"","ocean_menu_link_color_hover":"","ocean_menu_link_color_active":"","ocean_menu_link_background":"","ocean_menu_link_hover_background":"","ocean_menu_link_active_background":"","ocean_menu_social_links_bg":"","ocean_menu_social_hover_links_bg":"","ocean_menu_social_links_color":"","ocean_menu_social_hover_links_color":"","ocean_disable_title":"default","ocean_disable_heading":"default","ocean_post_title":"","ocean_post_subheading":"","ocean_post_title_style":"","ocean_post_title_background_color":"","ocean_post_title_background":0,"ocean_post_title_bg_image_position":"","ocean_post_title_bg_image_attachment":"","ocean_post_title_bg_image_repeat":"","ocean_post_title_bg_image_size":"","ocean_post_title_height":0,"ocean_post_title_bg_overlay":0.5,"ocean_post_title_bg_overlay_color":"","ocean_disable_breadcrumbs":"default","ocean_breadcrumbs_color":"","ocean_breadcrumbs_separator_color":"","ocean_breadcrumbs_links_color":"","ocean_breadcrumbs_links_hover_color":"","ocean_display_footer_widgets":"default","ocean_display_footer_bottom":"default","ocean_custom_footer_template":"","footnotes":""},"class_list":["post-274","page","type-page","status-publish","hentry","entry"],"yoast_head":"<!-- This site is optimized with the Yoast SEO plugin v23.9 - https:\/\/yoast.com\/wordpress\/plugins\/seo\/ -->\n<title>chi siamo - Terranova Design Studio<\/title>\n<meta name=\"robots\" content=\"index, follow, max-snippet:-1, max-image-preview:large, max-video-preview:-1\" \/>\n<link rel=\"canonical\" href=\"https:\/\/terranovadesignstudio.it\/index.php\/chi-siamo\/\" \/>\n<meta property=\"og:locale\" content=\"it_IT\" \/>\n<meta property=\"og:type\" content=\"article\" \/>\n<meta property=\"og:title\" content=\"chi siamo - Terranova Design Studio\" \/>\n<meta property=\"og:description\" content=\"30 anni di passione e dedizione Passione esperienza e professionalit\u00e0 sono le cose che ogni giorno mi spingono a far meglio, cos\u00ec giorno dopo sono sono gi\u00e0 trascorsi 30 anni da quando ho tutto ha avuto inizio, e quello che oggi provo \u00e8 lo stesso entusiasmo e la stessa voglia della prima volta, sempre, per [&hellip;]\" \/>\n<meta property=\"og:url\" content=\"https:\/\/terranovadesignstudio.it\/index.php\/chi-siamo\/\" \/>\n<meta property=\"og:site_name\" content=\"Terranova Design Studio\" \/>\n<meta property=\"article:modified_time\" content=\"2022-06-09T14:11:55+00:00\" \/>\n<meta property=\"og:image\" content=\"https:\/\/terranovadesignstudio.it\/wp-content\/uploads\/2022\/04\/barbarac-terranova-studio-design-1.jpg\" \/>\n<meta name=\"twitter:card\" content=\"summary_large_image\" \/>\n<meta name=\"twitter:label1\" content=\"Tempo di lettura stimato\" \/>\n\t<meta name=\"twitter:data1\" content=\"5 minuti\" \/>\n<script type=\"application\/ld+json\" class=\"yoast-schema-graph\">{\"@context\":\"https:\/\/schema.org\",\"@graph\":[{\"@type\":\"WebPage\",\"@id\":\"https:\/\/terranovadesignstudio.it\/index.php\/chi-siamo\/\",\"url\":\"https:\/\/terranovadesignstudio.it\/index.php\/chi-siamo\/\",\"name\":\"chi siamo - Terranova Design Studio\",\"isPartOf\":{\"@id\":\"https:\/\/terranovadesignstudio.it\/#website\"},\"primaryImageOfPage\":{\"@id\":\"https:\/\/terranovadesignstudio.it\/index.php\/chi-siamo\/#primaryimage\"},\"image\":{\"@id\":\"https:\/\/terranovadesignstudio.it\/index.php\/chi-siamo\/#primaryimage\"},\"thumbnailUrl\":\"https:\/\/terranovadesignstudio.it\/wp-content\/uploads\/2022\/04\/barbarac-terranova-studio-design-1.jpg\",\"datePublished\":\"2016-11-10T16:41:00+00:00\",\"dateModified\":\"2022-06-09T14:11:55+00:00\",\"breadcrumb\":{\"@id\":\"https:\/\/terranovadesignstudio.it\/index.php\/chi-siamo\/#breadcrumb\"},\"inLanguage\":\"it-IT\",\"potentialAction\":[{\"@type\":\"ReadAction\",\"target\":[\"https:\/\/terranovadesignstudio.it\/index.php\/chi-siamo\/\"]}]},{\"@type\":\"ImageObject\",\"inLanguage\":\"it-IT\",\"@id\":\"https:\/\/terranovadesignstudio.it\/index.php\/chi-siamo\/#primaryimage\",\"url\":\"https:\/\/terranovadesignstudio.it\/wp-content\/uploads\/2022\/04\/barbarac-terranova-studio-design-1.jpg\",\"contentUrl\":\"https:\/\/terranovadesignstudio.it\/wp-content\/uploads\/2022\/04\/barbarac-terranova-studio-design-1.jpg\",\"width\":1500,\"height\":930},{\"@type\":\"BreadcrumbList\",\"@id\":\"https:\/\/terranovadesignstudio.it\/index.php\/chi-siamo\/#breadcrumb\",\"itemListElement\":[{\"@type\":\"ListItem\",\"position\":1,\"name\":\"Home\",\"item\":\"https:\/\/terranovadesignstudio.it\/\"},{\"@type\":\"ListItem\",\"position\":2,\"name\":\"chi siamo\"}]},{\"@type\":\"WebSite\",\"@id\":\"https:\/\/terranovadesignstudio.it\/#website\",\"url\":\"https:\/\/terranovadesignstudio.it\/\",\"name\":\"Terranova Design Studio\",\"description\":\"Creazione Arredamento Commerciale\",\"publisher\":{\"@id\":\"https:\/\/terranovadesignstudio.it\/#organization\"},\"potentialAction\":[{\"@type\":\"SearchAction\",\"target\":{\"@type\":\"EntryPoint\",\"urlTemplate\":\"https:\/\/terranovadesignstudio.it\/?s={search_term_string}\"},\"query-input\":{\"@type\":\"PropertyValueSpecification\",\"valueRequired\":true,\"valueName\":\"search_term_string\"}}],\"inLanguage\":\"it-IT\"},{\"@type\":\"Organization\",\"@id\":\"https:\/\/terranovadesignstudio.it\/#organization\",\"name\":\"Terranova Design Studio\",\"url\":\"https:\/\/terranovadesignstudio.it\/\",\"logo\":{\"@type\":\"ImageObject\",\"inLanguage\":\"it-IT\",\"@id\":\"https:\/\/terranovadesignstudio.it\/#\/schema\/logo\/image\/\",\"url\":\"https:\/\/terranovadesignstudio.it\/wp-content\/uploads\/2022\/04\/cropped-terranova-design-studio-logo-nero.png\",\"contentUrl\":\"https:\/\/terranovadesignstudio.it\/wp-content\/uploads\/2022\/04\/cropped-terranova-design-studio-logo-nero.png\",\"width\":517,\"height\":134,\"caption\":\"Terranova Design Studio\"},\"image\":{\"@id\":\"https:\/\/terranovadesignstudio.it\/#\/schema\/logo\/image\/\"}}]}<\/script>\n<!-- \/ Yoast SEO plugin. -->","yoast_head_json":{"title":"chi siamo - Terranova Design Studio","robots":{"index":"index","follow":"follow","max-snippet":"max-snippet:-1","max-image-preview":"max-image-preview:large","max-video-preview":"max-video-preview:-1"},"canonical":"https:\/\/terranovadesignstudio.it\/index.php\/chi-siamo\/","og_locale":"it_IT","og_type":"article","og_title":"chi siamo - Terranova Design Studio","og_description":"30 anni di passione e dedizione Passione esperienza e professionalit\u00e0 sono le cose che ogni giorno mi spingono a far meglio, cos\u00ec giorno dopo sono sono gi\u00e0 trascorsi 30 anni da quando ho tutto ha avuto inizio, e quello che oggi provo \u00e8 lo stesso entusiasmo e la stessa voglia della prima volta, sempre, per [&hellip;]","og_url":"https:\/\/terranovadesignstudio.it\/index.php\/chi-siamo\/","og_site_name":"Terranova Design Studio","article_modified_time":"2022-06-09T14:11:55+00:00","og_image":[{"url":"https:\/\/terranovadesignstudio.it\/wp-content\/uploads\/2022\/04\/barbarac-terranova-studio-design-1.jpg"}],"twitter_card":"summary_large_image","twitter_misc":{"Tempo di lettura stimato":"5 minuti"},"schema":{"@context":"https:\/\/schema.org","@graph":[{"@type":"WebPage","@id":"https:\/\/terranovadesignstudio.it\/index.php\/chi-siamo\/","url":"https:\/\/terranovadesignstudio.it\/index.php\/chi-siamo\/","name":"chi siamo - Terranova Design Studio","isPartOf":{"@id":"https:\/\/terranovadesignstudio.it\/#website"},"primaryImageOfPage":{"@id":"https:\/\/terranovadesignstudio.it\/index.php\/chi-siamo\/#primaryimage"},"image":{"@id":"https:\/\/terranovadesignstudio.it\/index.php\/chi-siamo\/#primaryimage"},"thumbnailUrl":"https:\/\/terranovadesignstudio.it\/wp-content\/uploads\/2022\/04\/barbarac-terranova-studio-design-1.jpg","datePublished":"2016-11-10T16:41:00+00:00","dateModified":"2022-06-09T14:11:55+00:00","breadcrumb":{"@id":"https:\/\/terranovadesignstudio.it\/index.php\/chi-siamo\/#breadcrumb"},"inLanguage":"it-IT","potentialAction":[{"@type":"ReadAction","target":["https:\/\/terranovadesignstudio.it\/index.php\/chi-siamo\/"]}]},{"@type":"ImageObject","inLanguage":"it-IT","@id":"https:\/\/terranovadesignstudio.it\/index.php\/chi-siamo\/#primaryimage","url":"https:\/\/terranovadesignstudio.it\/wp-content\/uploads\/2022\/04\/barbarac-terranova-studio-design-1.jpg","contentUrl":"https:\/\/terranovadesignstudio.it\/wp-content\/uploads\/2022\/04\/barbarac-terranova-studio-design-1.jpg","width":1500,"height":930},{"@type":"BreadcrumbList","@id":"https:\/\/terranovadesignstudio.it\/index.php\/chi-siamo\/#breadcrumb","itemListElement":[{"@type":"ListItem","position":1,"name":"Home","item":"https:\/\/terranovadesignstudio.it\/"},{"@type":"ListItem","position":2,"name":"chi siamo"}]},{"@type":"WebSite","@id":"https:\/\/terranovadesignstudio.it\/#website","url":"https:\/\/terranovadesignstudio.it\/","name":"Terranova Design Studio","description":"Creazione Arredamento Commerciale","publisher":{"@id":"https:\/\/terranovadesignstudio.it\/#organization"},"potentialAction":[{"@type":"SearchAction","target":{"@type":"EntryPoint","urlTemplate":"https:\/\/terranovadesignstudio.it\/?s={search_term_string}"},"query-input":{"@type":"PropertyValueSpecification","valueRequired":true,"valueName":"search_term_string"}}],"inLanguage":"it-IT"},{"@type":"Organization","@id":"https:\/\/terranovadesignstudio.it\/#organization","name":"Terranova Design Studio","url":"https:\/\/terranovadesignstudio.it\/","logo":{"@type":"ImageObject","inLanguage":"it-IT","@id":"https:\/\/terranovadesignstudio.it\/#\/schema\/logo\/image\/","url":"https:\/\/terranovadesignstudio.it\/wp-content\/uploads\/2022\/04\/cropped-terranova-design-studio-logo-nero.png","contentUrl":"https:\/\/terranovadesignstudio.it\/wp-content\/uploads\/2022\/04\/cropped-terranova-design-studio-logo-nero.png","width":517,"height":134,"caption":"Terranova Design Studio"},"image":{"@id":"https:\/\/terranovadesignstudio.it\/#\/schema\/logo\/image\/"}}]}},"_links":{"self":[{"href":"https:\/\/terranovadesignstudio.it\/index.php\/wp-json\/wp\/v2\/pages\/274","targetHints":{"allow":["GET"]}}],"collection":[{"href":"https:\/\/terranovadesignstudio.it\/index.php\/wp-json\/wp\/v2\/pages"}],"about":[{"href":"https:\/\/terranovadesignstudio.it\/index.php\/wp-json\/wp\/v2\/types\/page"}],"author":[{"embeddable":true,"href":"https:\/\/terranovadesignstudio.it\/index.php\/wp-json\/wp\/v2\/users\/1"}],"replies":[{"embeddable":true,"href":"https:\/\/terranovadesignstudio.it\/index.php\/wp-json\/wp\/v2\/comments?post=274"}],"version-history":[{"count":34,"href":"https:\/\/terranovadesignstudio.it\/index.php\/wp-json\/wp\/v2\/pages\/274\/revisions"}],"predecessor-version":[{"id":992,"href":"https:\/\/terranovadesignstudio.it\/index.php\/wp-json\/wp\/v2\/pages\/274\/revisions\/992"}],"wp:attachment":[{"href":"https:\/\/terranovadesignstudio.it\/index.php\/wp-json\/wp\/v2\/media?parent=274"}],"curies":[{"name":"wp","href":"https:\/\/api.w.org\/{rel}","templated":true}]}}